{"id":24336,"date":"2024-10-22T17:48:51","date_gmt":"2024-10-22T15:48:51","guid":{"rendered":"https:\/\/www.lumen-care.com\/?post_type=product&#038;p=24336"},"modified":"2025-03-26T22:30:28","modified_gmt":"2025-03-26T21:30:28","slug":"miscela-di-5-fragranze-per-la-fiducia-in-se-stessi","status":"publish","type":"product","link":"https:\/\/www.lumen-care.com\/it\/sensibilita-intolleranze\/miscela-di-5-fragranze-per-la-fiducia-in-se-stessi\/","title":{"rendered":"Fiducia in se stessi - Miscela 5 Effluenze"},"content":{"rendered":"<div class=\"fusion-one-full fusion-layout-column fusion-column-last fusion-spacing-yes\">\n<div class=\"fusion-column-wrapper\">\n<h2 data-fontsize=\"40\" data-lineheight=\"48\"><em><b>Composizione della miscela \"Fiducia in se stessi<\/b><\/em><\/h2>\n<\/div>\n<\/div>\n<table style=\"border-collapse: collapse; width: 100%;\">\n<tbody>\n<tr>\n<td style=\"width: 50%;\">\n<ul>\n<li><span style=\"color: #00ccff;\"><strong>Fiducia in se stessi<\/strong><\/span>Sono fiducioso. Sono sicuro di me. Sono assertiva. Sono orgoglioso di me stesso. Sono capace. Sono competente. Sono meritevole. Mi piaccio. Sono perfetto.<\/li>\n<li><span style=\"color: #00ccff;\"><strong>Accettazione di s\u00e9<\/strong><\/span>Mi accetto cos\u00ec come sono. Amo e approvo me stesso. Accetto le mie origini e il mio passato. Accetto il mio presente cos\u00ec com'\u00e8. Riconosco il mio talento. Sono perfettamente felice di essere me stesso.<\/li>\n<\/ul>\n<\/td>\n<td style=\"width: 50%;\">\n<ul>\n<li><span style=\"color: #00ccff;\"><strong>Fascino<\/strong><\/span>Sono affascinante. Sono attraente. Attraggo.<\/li>\n<li><span style=\"color: #00ccff;\"><strong>Quarzo rosa<\/strong><\/span>Apre la porta alla bellezza, a una nuova e pi\u00f9 alta sfaccettatura dell'amore. Favorisce il processo di apertura, condivisione e fiducia. Ispirazione artistica e amore universale.<\/li>\n<li><span style=\"color: #00ccff;\"><strong>Iris<\/strong><\/span>Aiuta a liberarsi dai dubbi. Rafforza la perseveranza, la resistenza e la fiducia. Consolida i risultati di una grande trasformazione interiore.<\/li>\n<\/ul>\n<\/td>\n<\/tr>\n<\/tbody>\n<\/table>\n<p>Collare incluso.<\/p>\n<h2>Una miscela di <em>5 Influenze<\/em><\/h2>\n<p>Questa miscela \u00e8 composta da 5 <em>Effluenti <\/em>tratti dai riferimenti alle emozioni, ai fiori e ai cristalli. 5 \u00e8 il numero massimo di<em>Effluenti<\/em> che possono essere indossati contemporaneamente. Questo mix rappresenta quindi il miglior potenziale per l'attuazione dell'intento del mix.<\/p>","protected":false},"excerpt":{"rendered":"<h2>Miscela di fiducia in se stessi<\/h2>\n<p><span data-sheets-root=\"1\">Composizione: Fiducia in se stessi - Accettazione di se stessi - Fascino - Quarzo rosa - Iris<\/span><\/p>","protected":false},"featured_media":24521,"comment_status":"open","ping_status":"closed","template":"","meta":{"inline_featured_image":false,"__cvm_playback_settings":[],"__cvm_video_id":""},"product_brand":[],"product_cat":[1177],"product_tag":[],"class_list":{"0":"post-24336","1":"product","2":"type-product","3":"status-publish","4":"has-post-thumbnail","6":"product_cat-melanges","7":"member-discount","8":"discount-restricted","10":"first","11":"instock","12":"taxable","13":"shipping-taxable","14":"purchasable","15":"product-type-simple"},"composite_virtual":false,"composite_layout":"","composite_add_to_cart_form_location":"","composite_editable_in_cart":false,"composite_sold_individually_context":"","composite_shop_price_calc":"","composite_components":[],"composite_scenarios":[],"_links":{"self":[{"href":"https:\/\/www.lumen-care.com\/it\/wp-json\/wp\/v2\/product\/24336","targetHints":{"allow":["GET"]}}],"collection":[{"href":"https:\/\/www.lumen-care.com\/it\/wp-json\/wp\/v2\/product"}],"about":[{"href":"https:\/\/www.lumen-care.com\/it\/wp-json\/wp\/v2\/types\/product"}],"replies":[{"embeddable":true,"href":"https:\/\/www.lumen-care.com\/it\/wp-json\/wp\/v2\/comments?post=24336"}],"wp:featuredmedia":[{"embeddable":true,"href":"https:\/\/www.lumen-care.com\/it\/wp-json\/wp\/v2\/media\/24521"}],"wp:attachment":[{"href":"https:\/\/www.lumen-care.com\/it\/wp-json\/wp\/v2\/media?parent=24336"}],"wp:term":[{"taxonomy":"product_brand","embeddable":true,"href":"https:\/\/www.lumen-care.com\/it\/wp-json\/wp\/v2\/product_brand?post=24336"},{"taxonomy":"product_cat","embeddable":true,"href":"https:\/\/www.lumen-care.com\/it\/wp-json\/wp\/v2\/product_cat?post=24336"},{"taxonomy":"product_tag","embeddable":true,"href":"https:\/\/www.lumen-care.com\/it\/wp-json\/wp\/v2\/product_tag?post=24336"}],"curies":[{"name":"wp","href":"https:\/\/api.w.org\/{rel}","templated":true}]}}